{"id":14,"date":"2026-02-26T08:29:18","date_gmt":"2026-02-26T08:29:18","guid":{"rendered":"https:\/\/demo-jobmanager.meinewebseite.jetzt\/?page_id=14"},"modified":"2026-04-13T10:51:49","modified_gmt":"2026-04-13T10:51:49","slug":"jobs","status":"publish","type":"page","link":"https:\/\/demo-jobmanager.meinewebseite.jetzt\/?page_id=14","title":{"rendered":"Jobs"},"content":{"rendered":"\n<div class=\"f12-jobmanager-jobs f12-jobmanager-layout-list\">\n\n\t\n\t\n\t\t<ul class=\"f12-jobmanager-list\">\n\t\t\t\t\t\t\t<li class=\"f12-jobmanager-list__item\">\n\t\t\t\t\t\t\t\t\t\t\t<a href=\"https:\/\/demo-jobmanager.meinewebseite.jetzt\/?f12_job=test-4\" class=\"f12-jobmanager-list__title\">\n\t\t\t\t\t\t\ttest\t\t\t\t\t\t<\/a>\n\t\t\t\t\t\t\t\t\t\t\t\t\t\t\t<a href=\"https:\/\/demo-jobmanager.meinewebseite.jetzt\/?f12_job=test-4#f12-application-form\" class=\"f12-jobmanager-btn\">\n\t\t\t\t\t\tJetzt bewerben!\t\t\t\t\t<\/a>\n\t\t\t\t<\/li>\n\t\t\t\t\t\t\t<li class=\"f12-jobmanager-list__item\">\n\t\t\t\t\t\t\t\t\t\t\t<a href=\"https:\/\/demo-jobmanager.meinewebseite.jetzt\/?f12_job=deine-ausbildung-bei-beckesepp\" class=\"f12-jobmanager-list__title\">\n\t\t\t\t\t\t\tDeine Ausbildung bei Beckesepp!\t\t\t\t\t\t<\/a>\n\t\t\t\t\t\t\t\t\t\t\t\t\t\t\t<a href=\"https:\/\/demo-jobmanager.meinewebseite.jetzt\/?f12_job=deine-ausbildung-bei-beckesepp#f12-application-form\" class=\"f12-jobmanager-btn\">\n\t\t\t\t\t\tJetzt bewerben!\t\t\t\t\t<\/a>\n\t\t\t\t<\/li>\n\t\t\t\t\t\t\t<li class=\"f12-jobmanager-list__item\">\n\t\t\t\t\t\t\t\t\t\t\t<a href=\"https:\/\/demo-jobmanager.meinewebseite.jetzt\/?f12_job=webentwickler\" class=\"f12-jobmanager-list__title\">\n\t\t\t\t\t\t\tWebentwickler\t\t\t\t\t\t<\/a>\n\t\t\t\t\t\t\t\t\t\t\t\t\t\t\t<a href=\"https:\/\/demo-jobmanager.meinewebseite.jetzt\/?f12_job=webentwickler#f12-application-form\" class=\"f12-jobmanager-btn\">\n\t\t\t\t\t\tJetzt bewerben!\t\t\t\t\t<\/a>\n\t\t\t\t<\/li>\n\t\t\t\t\t\t\t<li class=\"f12-jobmanager-list__item\">\n\t\t\t\t\t\t\t\t\t\t\t<a href=\"https:\/\/demo-jobmanager.meinewebseite.jetzt\/?f12_job=test-webentwickler\" class=\"f12-jobmanager-list__title\">\n\t\t\t\t\t\t\tTest Webentwickler (m\/w\/d)\t\t\t\t\t\t<\/a>\n\t\t\t\t\t\t\t\t\t\t\t\t\t\t\t<a href=\"https:\/\/demo-jobmanager.meinewebseite.jetzt\/?f12_job=test-webentwickler#f12-application-form\" class=\"f12-jobmanager-btn\">\n\t\t\t\t\t\tJetzt bewerben!\t\t\t\t\t<\/a>\n\t\t\t\t<\/li>\n\t\t\t\t\t\t\t<li class=\"f12-jobmanager-list__item\">\n\t\t\t\t\t\t\t\t\t\t\t<a href=\"https:\/\/demo-jobmanager.meinewebseite.jetzt\/?f12_job=test-6\" class=\"f12-jobmanager-list__title\">\n\t\t\t\t\t\t\ttest ghfhfghg\t\t\t\t\t\t<\/a>\n\t\t\t\t\t\t\t\t\t\t\t\t\t\t\t<a href=\"https:\/\/demo-jobmanager.meinewebseite.jetzt\/?f12_job=test-6#f12-application-form\" class=\"f12-jobmanager-btn\">\n\t\t\t\t\t\tJetzt bewerben!\t\t\t\t\t<\/a>\n\t\t\t\t<\/li>\n\t\t\t\t\t\t\t<li class=\"f12-jobmanager-list__item\">\n\t\t\t\t\t\t\t\t\t\t\t<a href=\"https:\/\/demo-jobmanager.meinewebseite.jetzt\/?f12_job=test\" class=\"f12-jobmanager-list__title\">\n\t\t\t\t\t\t\tReinigungskraft (m\/w\/d) f\u00fcr unsere Verkaufs- und Produktionsst\u00e4tten\t\t\t\t\t\t<\/a>\n\t\t\t\t\t\t\t\t\t\t\t\t\t\t\t<a href=\"https:\/\/demo-jobmanager.meinewebseite.jetzt\/?f12_job=test#f12-application-form\" class=\"f12-jobmanager-btn\">\n\t\t\t\t\t\tJetzt bewerben!\t\t\t\t\t<\/a>\n\t\t\t\t<\/li>\n\t\t\t\t\t<\/ul>\n\n\t\n\t\n<\/div>\n\n<p>&nbsp;<\/p>\n\n<div class=\"f12-jobmanager-jobs f12-jobmanager-layout-grid\">\n\n\t\n\t\n\t\t\t\t\t<div class=\"f12-jobmanager-grid\" style=\"--f12-grid-cols:4;--f12-grid-cols-mobile:3;\">\n\t\t\t\t\t\t\t\t\t<div class=\"f12-jobmanager-grid-card\">\n\t\t\t\t\t\t\t\t\t\t\t\t\t<div class=\"f12-jobmanager-grid-card__image\">\n\t\t\t\t\t\t\t\t<img decoding=\"async\" src=\"https:\/\/demo-jobmanager.meinewebseite.jetzt\/wp-content\/uploads\/2026\/03\/RUF-karriere-web-768x768.jpg\" alt=\"Fleischer (m\/w\/d)\" \/>\n\t\t\t\t\t\t\t<\/div>\n\t\t\t\t\t\t\t\t\t\t\t<\/div>\n\t\t\t\t\t\t\t\t\t<div class=\"f12-jobmanager-grid-card\">\n\t\t\t\t\t\t\t\t\t\t\t\t\t<div class=\"f12-jobmanager-grid-card__image\">\n\t\t\t\t\t\t\t\t<img decoding=\"async\" src=\"https:\/\/demo-jobmanager.meinewebseite.jetzt\/wp-content\/uploads\/2026\/03\/RUF-karriere-web2-768x768.jpg\" alt=\"B\u00e4cker (m\/w\/d)\" \/>\n\t\t\t\t\t\t\t<\/div>\n\t\t\t\t\t\t\t\t\t\t\t<\/div>\n\t\t\t\t\t\t\t\t\t<div class=\"f12-jobmanager-grid-card\">\n\t\t\t\t\t\t\t\t\t\t\t\t\t<div class=\"f12-jobmanager-grid-card__image\">\n\t\t\t\t\t\t\t\t<img decoding=\"async\" src=\"https:\/\/demo-jobmanager.meinewebseite.jetzt\/wp-content\/uploads\/2026\/03\/RUF-karriere-web3-768x768.jpg\" alt=\"Kondirot (m\/w\/d)\" \/>\n\t\t\t\t\t\t\t<\/div>\n\t\t\t\t\t\t\t\t\t\t\t<\/div>\n\t\t\t\t\t\t\t\t\t<div class=\"f12-jobmanager-grid-card\">\n\t\t\t\t\t\t\t\t\t\t\t\t\t<div class=\"f12-jobmanager-grid-card__image\">\n\t\t\t\t\t\t\t\t<img decoding=\"async\" src=\"https:\/\/demo-jobmanager.meinewebseite.jetzt\/wp-content\/uploads\/2026\/03\/RUF-karriere-web-768x768.jpg\" alt=\"test\" \/>\n\t\t\t\t\t\t\t<\/div>\n\t\t\t\t\t\t\t\t\t\t\t<\/div>\n\t\t\t\t\t\t\t<\/div>\n\t\t\t\t\t\t\t<div class=\"f12-jobmanager-grid-text\" style=\"color:#000000;font-size:16px;\">\n\t\t\t\t\tGerne beraten wir dich in einem pers\u00f6nlichen Gespr\u00e4ch \u00fcber die Ausbildungsm\u00f6glichkeiten bei Beckessepp.\t\t\t\t<\/div>\n\t\t\t\t\t\t<div class=\"f12-jobmanager-grid-action\">\n\t\t\t\t<a href=\"https:\/\/demo-jobmanager.meinewebseite.jetzt\/?f12_job=deine-ausbildung-bei-beckesepp&#038;from=grid#f12-application-form\" class=\"f12-jobmanager-btn f12-jobmanager-btn--submit\">\n\t\t\t\t\tJetzt bewerben!\t\t\t\t<\/a>\n\t\t\t<\/div>\n\t\t\n\t\n\t\n<\/div>\n\n<p>&nbsp;<\/p>\n\n<div class=\"f12-jobmanager-jobs f12-jobmanager-layout-list\">\n\n\t\n\t\n\t\t<ul class=\"f12-jobmanager-list\">\n\t\t\t\t\t\t\t<li class=\"f12-jobmanager-list__item\">\n\t\t\t\t\t\t\t\t\t\t\t<a href=\"https:\/\/demo-jobmanager.meinewebseite.jetzt\/?f12_job=test-4\" class=\"f12-jobmanager-list__title\">\n\t\t\t\t\t\t\ttest\t\t\t\t\t\t<\/a>\n\t\t\t\t\t\t\t\t\t\t\t\t\t\t\t<a href=\"https:\/\/demo-jobmanager.meinewebseite.jetzt\/?f12_job=test-4#f12-application-form\" class=\"f12-jobmanager-btn\">\n\t\t\t\t\t\tJetzt bewerben!\t\t\t\t\t<\/a>\n\t\t\t\t<\/li>\n\t\t\t\t\t\t\t<li class=\"f12-jobmanager-list__item\">\n\t\t\t\t\t\t\t\t\t\t\t<a href=\"https:\/\/demo-jobmanager.meinewebseite.jetzt\/?f12_job=webentwickler\" class=\"f12-jobmanager-list__title\">\n\t\t\t\t\t\t\tWebentwickler\t\t\t\t\t\t<\/a>\n\t\t\t\t\t\t\t\t\t\t\t\t\t\t\t<a href=\"https:\/\/demo-jobmanager.meinewebseite.jetzt\/?f12_job=webentwickler#f12-application-form\" class=\"f12-jobmanager-btn\">\n\t\t\t\t\t\tJetzt bewerben!\t\t\t\t\t<\/a>\n\t\t\t\t<\/li>\n\t\t\t\t\t\t\t<li class=\"f12-jobmanager-list__item\">\n\t\t\t\t\t\t\t\t\t\t\t<a href=\"https:\/\/demo-jobmanager.meinewebseite.jetzt\/?f12_job=test-webentwickler\" class=\"f12-jobmanager-list__title\">\n\t\t\t\t\t\t\tTest Webentwickler (m\/w\/d)\t\t\t\t\t\t<\/a>\n\t\t\t\t\t\t\t\t\t\t\t\t\t\t\t<a href=\"https:\/\/demo-jobmanager.meinewebseite.jetzt\/?f12_job=test-webentwickler#f12-application-form\" class=\"f12-jobmanager-btn\">\n\t\t\t\t\t\tJetzt bewerben!\t\t\t\t\t<\/a>\n\t\t\t\t<\/li>\n\t\t\t\t\t\t\t<li class=\"f12-jobmanager-list__item\">\n\t\t\t\t\t\t\t\t\t\t\t<a href=\"https:\/\/demo-jobmanager.meinewebseite.jetzt\/?f12_job=test-6\" class=\"f12-jobmanager-list__title\">\n\t\t\t\t\t\t\ttest ghfhfghg\t\t\t\t\t\t<\/a>\n\t\t\t\t\t\t\t\t\t\t\t\t\t\t\t<a href=\"https:\/\/demo-jobmanager.meinewebseite.jetzt\/?f12_job=test-6#f12-application-form\" class=\"f12-jobmanager-btn\">\n\t\t\t\t\t\tJetzt bewerben!\t\t\t\t\t<\/a>\n\t\t\t\t<\/li>\n\t\t\t\t\t\t\t<li class=\"f12-jobmanager-list__item\">\n\t\t\t\t\t\t\t\t\t\t\t<a href=\"https:\/\/demo-jobmanager.meinewebseite.jetzt\/?f12_job=test\" class=\"f12-jobmanager-list__title\">\n\t\t\t\t\t\t\tReinigungskraft (m\/w\/d) f\u00fcr unsere Verkaufs- und Produktionsst\u00e4tten\t\t\t\t\t\t<\/a>\n\t\t\t\t\t\t\t\t\t\t\t\t\t\t\t<a href=\"https:\/\/demo-jobmanager.meinewebseite.jetzt\/?f12_job=test#f12-application-form\" class=\"f12-jobmanager-btn\">\n\t\t\t\t\t\tJetzt bewerben!\t\t\t\t\t<\/a>\n\t\t\t\t<\/li>\n\t\t\t\t\t<\/ul>\n\n\t\n\t\n<\/div>\n\n<p>&nbsp;<\/p>\n","protected":false},"excerpt":{"rendered":"<p>&nbsp; &nbsp; &nbsp;<\/p>\n","protected":false},"author":1,"featured_media":0,"parent":0,"menu_order":0,"comment_status":"closed","ping_status":"closed","template":"","meta":{"footnotes":""},"class_list":["post-14","page","type-page","status-publish","hentry"],"_links":{"self":[{"href":"https:\/\/demo-jobmanager.meinewebseite.jetzt\/index.php?rest_route=\/wp\/v2\/pages\/14","targetHints":{"allow":["GET"]}}],"collection":[{"href":"https:\/\/demo-jobmanager.meinewebseite.jetzt\/index.php?rest_route=\/wp\/v2\/pages"}],"about":[{"href":"https:\/\/demo-jobmanager.meinewebseite.jetzt\/index.php?rest_route=\/wp\/v2\/types\/page"}],"author":[{"embeddable":true,"href":"https:\/\/demo-jobmanager.meinewebseite.jetzt\/index.php?rest_route=\/wp\/v2\/users\/1"}],"replies":[{"embeddable":true,"href":"https:\/\/demo-jobmanager.meinewebseite.jetzt\/index.php?rest_route=%2Fwp%2Fv2%2Fcomments&post=14"}],"version-history":[{"count":45,"href":"https:\/\/demo-jobmanager.meinewebseite.jetzt\/index.php?rest_route=\/wp\/v2\/pages\/14\/revisions"}],"predecessor-version":[{"id":181,"href":"https:\/\/demo-jobmanager.meinewebseite.jetzt\/index.php?rest_route=\/wp\/v2\/pages\/14\/revisions\/181"}],"wp:attachment":[{"href":"https:\/\/demo-jobmanager.meinewebseite.jetzt\/index.php?rest_route=%2Fwp%2Fv2%2Fmedia&parent=14"}],"curies":[{"name":"wp","href":"https:\/\/api.w.org\/{rel}","templated":true}]}}